{"id":2,"date":"2011-02-06T13:50:06","date_gmt":"2011-02-06T13:50:06","guid":{"rendered":"http:\/\/www.latindevelopers.com\/wordpress\/?page_id=2"},"modified":"2018-09-28T19:03:48","modified_gmt":"2018-09-29T00:03:48","slug":"acerca-de-mi","status":"publish","type":"page","link":"https:\/\/www.latindevelopers.com\/ivancp\/acerca-de-mi\/","title":{"rendered":"Acerca de mi"},"content":{"rendered":"<p><a href=\"http:\/\/www.latindevelopers.com\/ivancp\/wp-content\/uploads\/2011\/02\/ivancp.jpg\"><img data-attachment-id=\"146\" data-permalink=\"https:\/\/www.latindevelopers.com\/ivancp\/acerca-de-mi\/ivancp\/\" data-orig-file=\"https:\/\/www.latindevelopers.com\/ivancp\/wp-content\/uploads\/2011\/02\/ivancp.jpg\" data-orig-size=\"153,202\" data-comments-opened=\"1\" data-image-meta=\"{&quot;aperture&quot;:&quot;0&quot;,&quot;credit&quot;:&quot;&quot;,&quot;camera&quot;:&quot;&quot;,&quot;caption&quot;:&quot;&quot;,&quot;created_timestamp&quot;:&quot;0&quot;,&quot;copyright&quot;:&quot;&quot;,&quot;focal_length&quot;:&quot;0&quot;,&quot;iso&quot;:&quot;0&quot;,&quot;shutter_speed&quot;:&quot;0&quot;,&quot;title&quot;:&quot;&quot;}\" data-image-title=\"ivancp\" data-image-description=\"\" data-image-caption=\"\" data-medium-file=\"https:\/\/www.latindevelopers.com\/ivancp\/wp-content\/uploads\/2011\/02\/ivancp.jpg\" data-large-file=\"https:\/\/www.latindevelopers.com\/ivancp\/wp-content\/uploads\/2011\/02\/ivancp.jpg\" loading=\"lazy\" class=\"size-full wp-image-146 alignleft\" title=\"ivancp\" src=\"http:\/\/www.latindevelopers.com\/ivancp\/wp-content\/uploads\/2011\/02\/ivancp.jpg\" alt=\"Ivan Cachicatari\" width=\"153\" height=\"202\" \/><\/a>Mi nombre es Ivan Y. Cahicatari Poma<\/p>\n<p>Suelo escribir en C++, Java o PHP, en Latindevelopers.com suelo publicar algunas de mis trasnochadas ideas solamente por el gusto de hacerlo y compartirlo con los demas. Antes me pasaba semanas (hasta meses) preparando un art\u00edculo para publicar, pero \u00faltimamente se me da por publicar art\u00edculos y post express (b\u00e1sicos o avanzados).<\/p>\n<p>&nbsp;<\/p>\n<p>Latindevelopers.com naci\u00f3 como un peque\u00f1o proyecto en la universidad. Aunque no me alcanza suficiente tiempo para administrar mi p\u00e1gina, pronto dedicar\u00e9 unas horas para renovar el sitio.<\/p>\n<p>Informaci\u00f3n de Contacto:<br \/>\nEmail : ivancp@latindevelopers.com<br \/>\nM\u00f3vil: +51 926 920 783<br \/>\nTwitter: <a href=\"https:\/\/twitter.com\/latindev\" target=\"_new\">@latindev<\/a><br \/>\n<a href=\"http:\/\/pe.linkedin.com\/in\/ivancp\"><br \/>\n<img loading=\"lazy\" src=\"https:\/\/static.licdn.com\/scds\/common\/u\/img\/webpromo\/btn_liprofile_blue_80x15_es_ES.png?locale=\" alt=\"Ver el perfil de Ivan Cachicatari en LinkedIn\" width=\"80\" height=\"15\" border=\"0\" \/><br \/>\n<\/a><\/p>\n<p><a href=\"http:\/\/stackoverflow.com\/users\/1275255\/ivan-cachicatari\"><br \/>\n<img loading=\"lazy\" title=\"profile for Ivan Cachicatari at Stack Overflow, Q&amp;A for professional and enthusiast programmers\" src=\"http:\/\/stackoverflow.com\/users\/flair\/1275255.png\" alt=\"profile for Ivan Cachicatari at Stack Overflow, Q&amp;A for professional and enthusiast programmers\" width=\"208\" height=\"58\" \/><br \/>\n<\/a><\/p>\n<p>&nbsp;<\/p>\n","protected":false},"excerpt":{"rendered":"<p>Mi nombre es Ivan Y. Cahicatari Poma Suelo escribir en C++, Java o PHP, en Latindevelopers.com suelo publicar algunas de mis trasnochadas ideas solamente por el gusto de hacerlo y compartirlo con los demas. Antes me pasaba semanas (hasta meses) &hellip; <a href=\"https:\/\/www.latindevelopers.com\/ivancp\/acerca-de-mi\/\">Sigue leyendo <span class=\"meta-nav\">&rarr;<\/span><\/a><\/p>\n","protected":false},"author":1,"featured_media":0,"parent":0,"menu_order":0,"comment_status":"open","ping_status":"closed","template":"","meta":{"spay_email":""},"jetpack_shortlink":"https:\/\/wp.me\/P1tEO5-2","jetpack_sharing_enabled":false,"_links":{"self":[{"href":"https:\/\/www.latindevelopers.com\/ivancp\/wp-json\/wp\/v2\/pages\/2"}],"collection":[{"href":"https:\/\/www.latindevelopers.com\/ivancp\/wp-json\/wp\/v2\/pages"}],"about":[{"href":"https:\/\/www.latindevelopers.com\/ivancp\/wp-json\/wp\/v2\/types\/page"}],"author":[{"embeddable":true,"href":"https:\/\/www.latindevelopers.com\/ivancp\/wp-json\/wp\/v2\/users\/1"}],"replies":[{"embeddable":true,"href":"https:\/\/www.latindevelopers.com\/ivancp\/wp-json\/wp\/v2\/comments?post=2"}],"version-history":[{"count":13,"href":"https:\/\/www.latindevelopers.com\/ivancp\/wp-json\/wp\/v2\/pages\/2\/revisions"}],"predecessor-version":[{"id":767,"href":"https:\/\/www.latindevelopers.com\/ivancp\/wp-json\/wp\/v2\/pages\/2\/revisions\/767"}],"wp:attachment":[{"href":"https:\/\/www.latindevelopers.com\/ivancp\/wp-json\/wp\/v2\/media?parent=2"}],"curies":[{"name":"wp","href":"https:\/\/api.w.org\/{rel}","templated":true}]}}